{"id":4892,"date":"2022-04-05T13:54:45","date_gmt":"2022-04-05T13:54:45","guid":{"rendered":"https:\/\/patiotime.loftocean.com\/demo2\/?page_id=4892"},"modified":"2023-04-14T09:44:24","modified_gmt":"2023-04-14T09:44:24","slug":"contatti","status":"publish","type":"page","link":"https:\/\/www.ilgiardinoanticaosteria.it\/en\/contatti\/","title":{"rendered":"Contact"},"content":{"rendered":"<div data-elementor-type=\"wp-page\" data-elementor-id=\"4892\" class=\"elementor elementor-4892\">\n\t\t\t\t\t\t\t\t\t<section class=\"elementor-section elementor-top-section elementor-element elementor-element-22919a6e pt-section-content-fullwidth pt_scroll_y_120 pt-parallax-on-scroll elementor-section-boxed elementor-section-height-default elementor-section-height-default\" data-id=\"22919a6e\" data-element_type=\"section\" data-settings=\"{&quot;background_background&quot;:&quot;classic&quot;}\" data-pt-parallax-y=\"120\" style=\"background-image: none;\" data-pt-background-image=\"https:\/\/www.ilgiardinoanticaosteria.it\/wp-content\/uploads\/2023\/04\/title-bar-contatti.jpg\">\n\t\t\t\t\t\t\t<div class=\"elementor-background-overlay\"><\/div>\n\t\t\t\t\t\t\t<div class=\"elementor-container elementor-column-gap-no\">\n\t\t\t\t\t<div class=\"elementor-column elementor-col-100 elementor-top-column elementor-element elementor-element-506879d8 dark-color\" data-id=\"506879d8\" data-element_type=\"column\">\n\t\t\t<div class=\"elementor-widget-wrap elementor-element-populated\">\n\t\t\t\t\t\t\t\t<div class=\"elementor-element elementor-element-78737567 elementor-widget elementor-widget-pt_title\" data-id=\"78737567\" data-element_type=\"widget\" data-widget_type=\"pt_title.default\">\n\t\t\t\t<div class=\"elementor-widget-container\">\n\t\t\t\n        <div class=\"pt-title-wrap text-center\">\t            <h1 class=\"pt-title\">\n\t                Contact\t            <\/h1>        <\/div>\t\t<\/div>\n\t\t\t\t<\/div>\n\t\t\t\t\t<\/div>\n\t\t<\/div>\n\t\t\t\t\t\t\t<\/div>\n\t\t<\/section>\n\t\t\t\t<section class=\"elementor-section elementor-top-section elementor-element elementor-element-ed337af elementor-section-boxed elementor-section-height-default elementor-section-height-default\" data-id=\"ed337af\" data-element_type=\"section\">\n\t\t\t\t\t\t<div class=\"elementor-container elementor-column-gap-no\">\n\t\t\t\t\t<div class=\"elementor-column elementor-col-25 elementor-top-column elementor-element elementor-element-64b6149\" data-id=\"64b6149\" data-element_type=\"column\">\n\t\t\t<div class=\"elementor-widget-wrap elementor-element-populated\">\n\t\t\t\t\t\t\t\t<div class=\"elementor-element elementor-element-50ba31b elementor-widget elementor-widget-pt_title\" data-id=\"50ba31b\" data-element_type=\"widget\" data-widget_type=\"pt_title.default\">\n\t\t\t\t<div class=\"elementor-widget-container\">\n\t\t\t\n        <div class=\"pt-title-wrap\">\t            <div class=\"pt-subtitle-wrap\"><span class=\"pt-subtitle\">WHERE<\/span><\/div>\t            <h5 class=\"pt-title\">\n\t                We are in the heart of Rome\t            <\/h5>\t            <div class=\"pt-title-text\">\n\t                <p>You can find us few steps from Piazza Barberini, in one of the street on Via del Tritone, Via Zuccarelli 29.<\/p>\t            <\/div>        <\/div>\t\t<\/div>\n\t\t\t\t<\/div>\n\t\t\t\t<div class=\"elementor-element elementor-element-17813a4 elementor-widget elementor-widget-pt_info\" data-id=\"17813a4\" data-element_type=\"widget\" data-widget_type=\"pt_info.default\">\n\t\t\t\t<div class=\"elementor-widget-container\">\n\t\t\t\t            <div class=\"pt-info pt-address\">\n\t                <a href=\"https:\/\/goo.gl\/maps\/hfn3ij661TGLPxxk7\">\t                    <i class=\"fas fa-map-marker-alt\"><\/i> Via Zucchelli, 29, 00187 Roma RM\t                <\/a>\t            <\/div>\t\t<\/div>\n\t\t\t\t<\/div>\n\t\t\t\t<div class=\"elementor-element elementor-element-4fbe4a1 elementor-widget elementor-widget-pt_info\" data-id=\"4fbe4a1\" data-element_type=\"widget\" data-widget_type=\"pt_info.default\">\n\t\t\t\t<div class=\"elementor-widget-container\">\n\t\t\t\t            <div class=\"pt-info pt-tel\">\n\t                <a href=\"tel: 39 064885202\">\t                    <i class=\"fas fa-phone\"><\/i> +39 064885202\t                <\/a>\t            <\/div>\t\t<\/div>\n\t\t\t\t<\/div>\n\t\t\t\t<div class=\"elementor-element elementor-element-1dde248 elementor-widget elementor-widget-pt_info\" data-id=\"1dde248\" data-element_type=\"widget\" data-widget_type=\"pt_info.default\">\n\t\t\t\t<div class=\"elementor-widget-container\">\n\t\t\t\t            <div class=\"pt-info pt-email\">\n\t                <a href=\"mailto:ilgiardino1909@gmail.com\">\t                    <i class=\"far fa-envelope\"><\/i> ilgiardino1909@gmail.com\t                <\/a>\t            <\/div>\t\t<\/div>\n\t\t\t\t<\/div>\n\t\t\t\t<div class=\"elementor-element elementor-element-e97f077 elementor-widget elementor-widget-text-editor\" data-id=\"e97f077\" data-element_type=\"widget\" data-widget_type=\"text-editor.default\">\n\t\t\t\t<div class=\"elementor-widget-container\">\n\t\t\t<style>\/*! elementor - v3.12.2 - 23-04-2023 *\/\n.elementor-widget-text-editor.elementor-drop-cap-view-stacked .elementor-drop-cap{background-color:#69727d;color:#fff}.elementor-widget-text-editor.elementor-drop-cap-view-framed .elementor-drop-cap{color:#69727d;border:3px solid;background-color:transparent}.elementor-widget-text-editor:not(.elementor-drop-cap-view-default) .elementor-drop-cap{margin-top:8px}.elementor-widget-text-editor:not(.elementor-drop-cap-view-default) .elementor-drop-cap-letter{width:1em;height:1em}.elementor-widget-text-editor .elementor-drop-cap{float:left;text-align:center;line-height:1;font-size:50px}.elementor-widget-text-editor .elementor-drop-cap-letter{display:inline-block}<\/style>\t\t\t\t<p><strong>Opening hours:<br \/><\/strong>Monday: closed<br \/>Tuesday\/Wednesday: 6:00 PM - 11:00 PM<br \/>Thursday \/ Sunday: 11.30 AM - 3.30 PM \/ 6:00 PM - 11:00 PM<\/p>\t\t\t\t\t\t<\/div>\n\t\t\t\t<\/div>\n\t\t\t\t\t<\/div>\n\t\t<\/div>\n\t\t\t\t<div class=\"elementor-column elementor-col-50 elementor-top-column elementor-element elementor-element-892eb5b elementor-hidden-tablet elementor-hidden-mobile\" data-id=\"892eb5b\" data-element_type=\"column\">\n\t\t\t<div class=\"elementor-widget-wrap elementor-element-populated\">\n\t\t\t\t\t\t\t\t<div class=\"elementor-element elementor-element-1c0f063 full-height elementor-widget elementor-widget-pt_vertical_divider\" data-id=\"1c0f063\" data-element_type=\"widget\" data-widget_type=\"pt_vertical_divider.default\">\n\t\t\t\t<div class=\"elementor-widget-container\">\n\t\t\t\n        <div class=\"pt-vertical-divider divider-star\">                <div class=\"pt-vd-icon icon-start\">                    <svg xmlns=\"http:\/\/www.w3.org\/2000\/svg\" viewbox=\"0 0 130 126.23\">\n                        <defs><\/defs>\n                        <path d=\"M298.08,414a2,2,0,0,0-2.17.23c-.32.26-7.71,6.53-8.69,15.78a2,2,0,0,0,1,1.92,2,2,0,0,0,1,.24,2,2,0,0,0,1.2-.4c7.68-6,8.7-15.44,8.74-15.84A2,2,0,0,0,298.08,414Z\" transform=\"translate(-240.97 -332.88)\"><\/path>\n                        <path class=\"cls-1\" d=\"M315.76,414.67a2,2,0,0,0-2.16-.32,2,2,0,0,0-1.11,1.88c0,.41.63,10.08,7.47,16.39a2,2,0,0,0,1.33.52,2,2,0,0,0,.8-.17,2,2,0,0,0,1.16-1.83C323.07,421.43,316.06,414.94,315.76,414.67Z\" transform=\"translate(-240.97 -332.88)\"><\/path>\n                        <path class=\"cls-1\" d=\"M341.65,405a23.64,23.64,0,0,0-13.91-4.23,22.5,22.5,0,0,0-3.74.28,2,2,0,0,0-.73,3.55,27.59,27.59,0,0,0,14,4.23,20.23,20.23,0,0,0,3.59-.31,2,2,0,0,0,.8-3.52Z\" transform=\"translate(-240.97 -332.88)\"><\/path>\n                        <path class=\"cls-1\" d=\"M321.05,389.06a2,2,0,0,0,.59-.09c.39-.12,9.61-3.09,14-11.27a2,2,0,0,0-2.24-2.83c-9.37,2.57-13.93,11-14.12,11.31a2,2,0,0,0,1.73,2.88Z\" transform=\"translate(-240.97 -332.88)\"><\/path>\n                        <path class=\"cls-1\" d=\"M306.46,362.15a1.94,1.94,0,0,0-1.82,1.16c-3.94,8.88-.34,17.72-.18,18.09a2,2,0,0,0,1.81,1.21h0a2,2,0,0,0,1.8-1.24c.16-.38,3.69-9.4.16-18A2,2,0,0,0,306.46,362.15Z\" transform=\"translate(-240.97 -332.88)\"><\/path>\n                        <path class=\"cls-1\" d=\"M291.37,388.82a1.88,1.88,0,0,0,.57.09,2,2,0,0,0,1.73-2.9c-.2-.36-4.88-8.84-13.75-11.63a2,2,0,0,0-2.35,2.74C281.88,385.83,291,388.7,291.37,388.82Z\" transform=\"translate(-240.97 -332.88)\"><\/path>\n                        <path class=\"cls-1\" d=\"M290.2,401.41a2,2,0,0,0-1.51-1.57,26.59,26.59,0,0,0-5.14-.46,24.16,24.16,0,0,0-12.64,3.3,2,2,0,0,0,.55,3.57,21.09,21.09,0,0,0,5.22.65h0a25.77,25.77,0,0,0,12.64-3.49A2,2,0,0,0,290.2,401.41Z\" transform=\"translate(-240.97 -332.88)\"><\/path>\n                        <path class=\"cls-1\" d=\"M312.79,399.05a6.49,6.49,0,1,1-6.49-6.49A6.48,6.48,0,0,1,312.79,399.05Z\" transform=\"translate(-240.97 -332.88)\"><\/path>\n                        <path class=\"cls-1\" d=\"M369.09,410.27h0a37.72,37.72,0,0,1-4.87-3.09c-5.86-4-14.73-10.16-24.48-12.29a35.39,35.39,0,0,0-7.46-.75,54.24,54.24,0,0,0-8.86.8,43.54,43.54,0,0,0,14.57-7.44c7.69-6.36,12.78-15.86,16.14-22.14a38.23,38.23,0,0,1,2.9-5h0a2.36,2.36,0,0,0,.63-.78,2.45,2.45,0,0,0-3.73-3,36.39,36.39,0,0,1-5.45,1.93c-6.8,2.11-17.09,5.3-24.79,11.66A40.45,40.45,0,0,0,315,380.61a40.62,40.62,0,0,0,2.53-13.32c0-10-4.08-20-6.79-26.55a39.07,39.07,0,0,1-2-5.38h0a2.45,2.45,0,1,0-4.9,0,36.48,36.48,0,0,1-2,5.42c-2.7,6.6-6.79,16.56-6.79,26.55a39.62,39.62,0,0,0,2.28,12.57,39.53,39.53,0,0,0-8.15-9.82c-7.64-6.42-17.89-9.7-24.68-11.87a39.67,39.67,0,0,1-5.4-1.95h0a2.38,2.38,0,0,0-.79-.44,2.44,2.44,0,0,0-2.39,4.17,36.28,36.28,0,0,1,2.88,5c3.31,6.31,8.31,15.85,15.95,22.28a38.7,38.7,0,0,0,9.88,5.85,43.73,43.73,0,0,0-6.21-.48,34.35,34.35,0,0,0-5.27.4c-9.86,1.59-19,7.2-25.13,10.91a36.47,36.47,0,0,1-5,2.82,2.42,2.42,0,0,0-1.8,1.33,2.45,2.45,0,0,0,.23,2.54,2.49,2.49,0,0,0,2.39,1,40.5,40.5,0,0,1,5.6,1.1c5.42,1.27,12.84,3,20.55,3a43.65,43.65,0,0,0,6.74-.5c9-1.45,16.78-6.87,21.93-10.47.82-.57,1.73-1.2,2.5-1.7a6.54,6.54,0,1,1,.4.47,45.48,45.48,0,0,0-.38,4.87c-.28,5.83-.7,14.64-4.51,21.66-4.24,7.82-12,14.2-17.2,18.47.73-6.7,1.85-16.67,6.09-24.5a30.74,30.74,0,0,1,3.75-5.33,2.45,2.45,0,0,0-3.71-3.2,35.51,35.51,0,0,0-4.35,6.2c-4.76,8.77-5.91,19.48-6.68,26.57a39,39,0,0,1-.83,5.68h0a2.35,2.35,0,0,0-.25.7,2.43,2.43,0,0,0,1.23,2.63,2.37,2.37,0,0,0,1.17.3,2.42,2.42,0,0,0,2.14-1.27,36.73,36.73,0,0,1,4.34-3.83c5.51-4.51,13.86-11.32,18.61-20.09,3.8-7,4.62-15.13,5-21.26,0,6.14.38,14.29,3.77,21.49,4.27,9,12.22,16.29,17.48,21.1a38.12,38.12,0,0,1,4.11,4.05l0,.09h0a2.49,2.49,0,0,0,2.16,1.27,2.46,2.46,0,0,0,2.21-3.49,35.71,35.71,0,0,1-.52-5.75c-.38-7.12-.94-17.87-5.2-26.9-2.58-5.46-6.69-9.92-10.6-13.46,4.33,3,9.59,6,15.48,7.29a45.82,45.82,0,0,0,9.72,1,101.35,101.35,0,0,0,17.66-1.94,45.55,45.55,0,0,1,5.51-.79h.2a2.45,2.45,0,0,0,1.1-4.78Zm-93.14.06a38.54,38.54,0,0,1-6,.44c-7,0-14-1.6-19.17-2.81,5.75-3.51,14.34-8.7,23.12-10.12a29.46,29.46,0,0,1,4.5-.34c6.44,0,12.73,1.86,17.34,3.24C291,404.08,283.79,409.07,276,410.33Zm2-26.86c-6.81-5.72-11.51-14.58-14.64-20.56,6.42,2.06,16,5.16,22.78,10.88,6.08,5.11,9.69,13.1,12.08,18.42C292.49,390.77,284,388.58,277.92,383.47Zm28.38,4.92c-2.53-5.26-6.32-13.16-6.32-21.1,0-8.9,3.77-18.2,6.32-24.44,2.56,6.24,6.32,15.54,6.32,24.44C312.62,375.23,308.84,383.13,306.3,388.39Zm20-13.74c6.1-6.48,15.22-10.66,21.36-13.45-2.41,6.29-6.05,15.64-12.16,22.12-5.44,5.78-13.62,8.93-19.07,11C318.22,388.77,320.89,380.43,326.33,374.65Zm-.74,50.42c3.8,8.05,4.37,18.07,4.72,24.8-5-4.55-12.35-11.35-16.15-19.39-3.4-7.18-3.35-16-3.3-21.78C315.4,412.37,322.2,417.9,325.59,425.07Zm19-12.2A40.52,40.52,0,0,1,336,412c-7.76-1.69-14.67-7.07-19.27-10.67A67.45,67.45,0,0,1,332.23,399a30.08,30.08,0,0,1,6.41.64c8.69,1.9,17,7.56,22.53,11.38A96.4,96.4,0,0,1,344.62,412.87Z\" transform=\"translate(-240.97 -332.88)\"><\/path>\n                    <\/svg>                <\/div>            <div class=\"pt-vd-line\"><\/div>                <div class=\"pt-vd-icon icon-end\">                    <svg xmlns=\"http:\/\/www.w3.org\/2000\/svg\" viewbox=\"0 0 130 126.23\">\n                        <defs><\/defs>\n                        <path d=\"M298.08,414a2,2,0,0,0-2.17.23c-.32.26-7.71,6.53-8.69,15.78a2,2,0,0,0,1,1.92,2,2,0,0,0,1,.24,2,2,0,0,0,1.2-.4c7.68-6,8.7-15.44,8.74-15.84A2,2,0,0,0,298.08,414Z\" transform=\"translate(-240.97 -332.88)\"><\/path>\n                        <path class=\"cls-1\" d=\"M315.76,414.67a2,2,0,0,0-2.16-.32,2,2,0,0,0-1.11,1.88c0,.41.63,10.08,7.47,16.39a2,2,0,0,0,1.33.52,2,2,0,0,0,.8-.17,2,2,0,0,0,1.16-1.83C323.07,421.43,316.06,414.94,315.76,414.67Z\" transform=\"translate(-240.97 -332.88)\"><\/path>\n                        <path class=\"cls-1\" d=\"M341.65,405a23.64,23.64,0,0,0-13.91-4.23,22.5,22.5,0,0,0-3.74.28,2,2,0,0,0-.73,3.55,27.59,27.59,0,0,0,14,4.23,20.23,20.23,0,0,0,3.59-.31,2,2,0,0,0,.8-3.52Z\" transform=\"translate(-240.97 -332.88)\"><\/path>\n                        <path class=\"cls-1\" d=\"M321.05,389.06a2,2,0,0,0,.59-.09c.39-.12,9.61-3.09,14-11.27a2,2,0,0,0-2.24-2.83c-9.37,2.57-13.93,11-14.12,11.31a2,2,0,0,0,1.73,2.88Z\" transform=\"translate(-240.97 -332.88)\"><\/path>\n                        <path class=\"cls-1\" d=\"M306.46,362.15a1.94,1.94,0,0,0-1.82,1.16c-3.94,8.88-.34,17.72-.18,18.09a2,2,0,0,0,1.81,1.21h0a2,2,0,0,0,1.8-1.24c.16-.38,3.69-9.4.16-18A2,2,0,0,0,306.46,362.15Z\" transform=\"translate(-240.97 -332.88)\"><\/path>\n                        <path class=\"cls-1\" d=\"M291.37,388.82a1.88,1.88,0,0,0,.57.09,2,2,0,0,0,1.73-2.9c-.2-.36-4.88-8.84-13.75-11.63a2,2,0,0,0-2.35,2.74C281.88,385.83,291,388.7,291.37,388.82Z\" transform=\"translate(-240.97 -332.88)\"><\/path>\n                        <path class=\"cls-1\" d=\"M290.2,401.41a2,2,0,0,0-1.51-1.57,26.59,26.59,0,0,0-5.14-.46,24.16,24.16,0,0,0-12.64,3.3,2,2,0,0,0,.55,3.57,21.09,21.09,0,0,0,5.22.65h0a25.77,25.77,0,0,0,12.64-3.49A2,2,0,0,0,290.2,401.41Z\" transform=\"translate(-240.97 -332.88)\"><\/path>\n                        <path class=\"cls-1\" d=\"M312.79,399.05a6.49,6.49,0,1,1-6.49-6.49A6.48,6.48,0,0,1,312.79,399.05Z\" transform=\"translate(-240.97 -332.88)\"><\/path>\n                        <path class=\"cls-1\" d=\"M369.09,410.27h0a37.72,37.72,0,0,1-4.87-3.09c-5.86-4-14.73-10.16-24.48-12.29a35.39,35.39,0,0,0-7.46-.75,54.24,54.24,0,0,0-8.86.8,43.54,43.54,0,0,0,14.57-7.44c7.69-6.36,12.78-15.86,16.14-22.14a38.23,38.23,0,0,1,2.9-5h0a2.36,2.36,0,0,0,.63-.78,2.45,2.45,0,0,0-3.73-3,36.39,36.39,0,0,1-5.45,1.93c-6.8,2.11-17.09,5.3-24.79,11.66A40.45,40.45,0,0,0,315,380.61a40.62,40.62,0,0,0,2.53-13.32c0-10-4.08-20-6.79-26.55a39.07,39.07,0,0,1-2-5.38h0a2.45,2.45,0,1,0-4.9,0,36.48,36.48,0,0,1-2,5.42c-2.7,6.6-6.79,16.56-6.79,26.55a39.62,39.62,0,0,0,2.28,12.57,39.53,39.53,0,0,0-8.15-9.82c-7.64-6.42-17.89-9.7-24.68-11.87a39.67,39.67,0,0,1-5.4-1.95h0a2.38,2.38,0,0,0-.79-.44,2.44,2.44,0,0,0-2.39,4.17,36.28,36.28,0,0,1,2.88,5c3.31,6.31,8.31,15.85,15.95,22.28a38.7,38.7,0,0,0,9.88,5.85,43.73,43.73,0,0,0-6.21-.48,34.35,34.35,0,0,0-5.27.4c-9.86,1.59-19,7.2-25.13,10.91a36.47,36.47,0,0,1-5,2.82,2.42,2.42,0,0,0-1.8,1.33,2.45,2.45,0,0,0,.23,2.54,2.49,2.49,0,0,0,2.39,1,40.5,40.5,0,0,1,5.6,1.1c5.42,1.27,12.84,3,20.55,3a43.65,43.65,0,0,0,6.74-.5c9-1.45,16.78-6.87,21.93-10.47.82-.57,1.73-1.2,2.5-1.7a6.54,6.54,0,1,1,.4.47,45.48,45.48,0,0,0-.38,4.87c-.28,5.83-.7,14.64-4.51,21.66-4.24,7.82-12,14.2-17.2,18.47.73-6.7,1.85-16.67,6.09-24.5a30.74,30.74,0,0,1,3.75-5.33,2.45,2.45,0,0,0-3.71-3.2,35.51,35.51,0,0,0-4.35,6.2c-4.76,8.77-5.91,19.48-6.68,26.57a39,39,0,0,1-.83,5.68h0a2.35,2.35,0,0,0-.25.7,2.43,2.43,0,0,0,1.23,2.63,2.37,2.37,0,0,0,1.17.3,2.42,2.42,0,0,0,2.14-1.27,36.73,36.73,0,0,1,4.34-3.83c5.51-4.51,13.86-11.32,18.61-20.09,3.8-7,4.62-15.13,5-21.26,0,6.14.38,14.29,3.77,21.49,4.27,9,12.22,16.29,17.48,21.1a38.12,38.12,0,0,1,4.11,4.05l0,.09h0a2.49,2.49,0,0,0,2.16,1.27,2.46,2.46,0,0,0,2.21-3.49,35.71,35.71,0,0,1-.52-5.75c-.38-7.12-.94-17.87-5.2-26.9-2.58-5.46-6.69-9.92-10.6-13.46,4.33,3,9.59,6,15.48,7.29a45.82,45.82,0,0,0,9.72,1,101.35,101.35,0,0,0,17.66-1.94,45.55,45.55,0,0,1,5.51-.79h.2a2.45,2.45,0,0,0,1.1-4.78Zm-93.14.06a38.54,38.54,0,0,1-6,.44c-7,0-14-1.6-19.17-2.81,5.75-3.51,14.34-8.7,23.12-10.12a29.46,29.46,0,0,1,4.5-.34c6.44,0,12.73,1.86,17.34,3.24C291,404.08,283.79,409.07,276,410.33Zm2-26.86c-6.81-5.72-11.51-14.58-14.64-20.56,6.42,2.06,16,5.16,22.78,10.88,6.08,5.11,9.69,13.1,12.08,18.42C292.49,390.77,284,388.58,277.92,383.47Zm28.38,4.92c-2.53-5.26-6.32-13.16-6.32-21.1,0-8.9,3.77-18.2,6.32-24.44,2.56,6.24,6.32,15.54,6.32,24.44C312.62,375.23,308.84,383.13,306.3,388.39Zm20-13.74c6.1-6.48,15.22-10.66,21.36-13.45-2.41,6.29-6.05,15.64-12.16,22.12-5.44,5.78-13.62,8.93-19.07,11C318.22,388.77,320.89,380.43,326.33,374.65Zm-.74,50.42c3.8,8.05,4.37,18.07,4.72,24.8-5-4.55-12.35-11.35-16.15-19.39-3.4-7.18-3.35-16-3.3-21.78C315.4,412.37,322.2,417.9,325.59,425.07Zm19-12.2A40.52,40.52,0,0,1,336,412c-7.76-1.69-14.67-7.07-19.27-10.67A67.45,67.45,0,0,1,332.23,399a30.08,30.08,0,0,1,6.41.64c8.69,1.9,17,7.56,22.53,11.38A96.4,96.4,0,0,1,344.62,412.87Z\" transform=\"translate(-240.97 -332.88)\"><\/path>\n                    <\/svg>                <\/div>        <\/div>\t\t<\/div>\n\t\t\t\t<\/div>\n\t\t\t\t\t<\/div>\n\t\t<\/div>\n\t\t\t\t<div class=\"elementor-column elementor-col-25 elementor-top-column elementor-element elementor-element-60f1baa\" data-id=\"60f1baa\" data-element_type=\"column\">\n\t\t\t<div class=\"elementor-widget-wrap elementor-element-populated\">\n\t\t\t\t\t\t\t\t<div class=\"elementor-element elementor-element-c7cface elementor-widget elementor-widget-pt_rounded_image\" data-id=\"c7cface\" data-element_type=\"widget\" data-widget_type=\"pt_rounded_image.default\">\n\t\t\t\t<div class=\"elementor-widget-container\">\n\t\t\t             <div class=\"pt-rounded-image\" style=\"border-radius: var(--rounded) var(--rounded) 0 0;\">\n                 <img decoding=\"async\" width=\"699\" height=\"473\" src=\"https:\/\/www.ilgiardinoanticaosteria.it\/wp-content\/uploads\/2022\/09\/esterno-giardino-osteria-e1682332771696.jpg\" class=\"attachment-full size-full wp-image-7029\" alt=\"\" srcset=\"https:\/\/www.ilgiardinoanticaosteria.it\/wp-content\/uploads\/2022\/09\/esterno-giardino-osteria-e1682332771696.jpg 699w, https:\/\/www.ilgiardinoanticaosteria.it\/wp-content\/uploads\/2022\/09\/esterno-giardino-osteria-e1682332771696-300x203.jpg 300w, https:\/\/www.ilgiardinoanticaosteria.it\/wp-content\/uploads\/2022\/09\/esterno-giardino-osteria-e1682332771696-600x406.jpg 600w, https:\/\/www.ilgiardinoanticaosteria.it\/wp-content\/uploads\/2022\/09\/esterno-giardino-osteria-e1682332771696-550x372.jpg 550w, https:\/\/www.ilgiardinoanticaosteria.it\/wp-content\/uploads\/2022\/09\/esterno-giardino-osteria-e1682332771696-370x250.jpg 370w, https:\/\/www.ilgiardinoanticaosteria.it\/wp-content\/uploads\/2022\/09\/esterno-giardino-osteria-e1682332771696-255x173.jpg 255w\" sizes=\"(max-width: 699px) 100vw, 699px\" \/>             <\/div>\t\t<\/div>\n\t\t\t\t<\/div>\n\t\t\t\t\t<\/div>\n\t\t<\/div>\n\t\t\t\t\t\t\t<\/div>\n\t\t<\/section>\n\t\t\t\t<section class=\"elementor-section elementor-top-section elementor-element elementor-element-8753440 elementor-section-boxed elementor-section-height-default elementor-section-height-default\" data-id=\"8753440\" data-element_type=\"section\">\n\t\t\t\t\t\t<div class=\"elementor-container elementor-column-gap-default\">\n\t\t\t\t\t<div class=\"elementor-column elementor-col-100 elementor-top-column elementor-element elementor-element-2c89f99\" data-id=\"2c89f99\" data-element_type=\"column\">\n\t\t\t<div class=\"elementor-widget-wrap elementor-element-populated\">\n\t\t\t\t\t\t\t\t<div class=\"elementor-element elementor-element-a0f571c elementor-widget elementor-widget-pt_title\" data-id=\"a0f571c\" data-element_type=\"widget\" data-widget_type=\"pt_title.default\">\n\t\t\t\t<div class=\"elementor-widget-container\">\n\t\t\t\n        <div class=\"pt-title-wrap text-center\">\t            <div class=\"pt-subtitle-wrap\"><span class=\"pt-subtitle\">Reach out to us for any information<\/span><\/div>\t            <h5 class=\"pt-title\">\n\t                Contact us\t            <\/h5>\t            <div class=\"pt-title-text\">\n\t                <p>If you would like to book a table click here, if you have any further questions you can use this form<\/p>\t            <\/div>        <\/div>\t\t<\/div>\n\t\t\t\t<\/div>\n\t\t\t\t<div class=\"elementor-element elementor-element-cb7a0a6 elementor-widget elementor-widget-pt_form_cf7\" data-id=\"cb7a0a6\" data-element_type=\"widget\" data-widget_type=\"pt_form_cf7.default\">\n\t\t\t\t<div class=\"elementor-widget-container\">\n\t\t\t            <div class=\"pt-form-cf7 placeholder-normal\">\n                <div class=\"pt-form-cf7-wrap\">\n<div class=\"wpcf7 no-js\" id=\"wpcf7-f4836-o1\" lang=\"en-US\" dir=\"ltr\">\n<div class=\"screen-reader-response\"><p role=\"status\" aria-live=\"polite\" aria-atomic=\"true\"><\/p> <ul><\/ul><\/div>\n<form action=\"\/en\/wp-json\/wp\/v2\/pages\/4892#wpcf7-f4836-o1\" method=\"post\" class=\"wpcf7-form init\" aria-label=\"Contact form\" novalidate=\"novalidate\" data-status=\"init\" data-trp-original-action=\"\/en\/wp-json\/wp\/v2\/pages\/4892#wpcf7-f4836-o1\">\n<div style=\"display: none;\">\n<input type=\"hidden\" name=\"_wpcf7\" value=\"4836\" \/>\n<input type=\"hidden\" name=\"_wpcf7_version\" value=\"5.7.6\" \/>\n<input type=\"hidden\" name=\"_wpcf7_locale\" value=\"en_US\" \/>\n<input type=\"hidden\" name=\"_wpcf7_unit_tag\" value=\"wpcf7-f4836-o1\" \/>\n<input type=\"hidden\" name=\"_wpcf7_container_post\" value=\"0\" \/>\n<input type=\"hidden\" name=\"_wpcf7_posted_data_hash\" value=\"\" \/>\n<\/div>\n<div class=\"row\">\n\t<div class=\"col-1-2\">\n\t\t<p><label> First and Second name<br \/>\n<span class=\"wpcf7-form-control-wrap\" data-name=\"your-name\"><input size=\"40\" class=\"wpcf7-form-control wpcf7-text wpcf7-validates-as-required\" aria-required=\"true\" aria-invalid=\"false\" value=\"\" type=\"text\" name=\"your-name\" \/><\/span> <\/label>\n\t\t<\/p>\n\t<\/div>\n\t<div class=\"col-1-2\">\n\t\t<p><label> E-mail address<br \/>\n<span class=\"wpcf7-form-control-wrap\" data-name=\"your-email\"><input size=\"40\" class=\"wpcf7-form-control wpcf7-text wpcf7-email wpcf7-validates-as-required wpcf7-validates-as-email\" aria-required=\"true\" aria-invalid=\"false\" value=\"\" type=\"email\" name=\"your-email\" \/><\/span> <\/label>\n\t\t<\/p>\n\t<\/div>\n<\/div>\n<p><label> Subject<br \/>\n<span class=\"wpcf7-form-control-wrap\" data-name=\"your-subject\"><input size=\"40\" class=\"wpcf7-form-control wpcf7-text wpcf7-validates-as-required\" aria-required=\"true\" aria-invalid=\"false\" value=\"\" type=\"text\" name=\"your-subject\" \/><\/span> <\/label>\n<\/p>\n<p><label> Message<br \/>\n<span class=\"wpcf7-form-control-wrap\" data-name=\"your-message\"><textarea cols=\"40\" rows=\"10\" class=\"wpcf7-form-control wpcf7-textarea\" aria-invalid=\"false\" name=\"your-message\"><\/textarea><\/span> <\/label>\n<\/p>\n<p><input class=\"wpcf7-form-control has-spinner wpcf7-submit\" type=\"submit\" value=\"Send\" \/>\n<\/p><div class=\"wpcf7-response-output\" aria-hidden=\"true\"><\/div>\n<input type=\"hidden\" name=\"trp-form-language\" value=\"en\"\/><\/form>\n<\/div>\n<\/div>\n            <\/div>\t\t<\/div>\n\t\t\t\t<\/div>\n\t\t\t\t\t<\/div>\n\t\t<\/div>\n\t\t\t\t\t\t\t<\/div>\n\t\t<\/section>\n\t\t\t\t<section class=\"elementor-section elementor-top-section elementor-element elementor-element-2571114 elementor-section-boxed elementor-section-height-default elementor-section-height-default\" data-id=\"2571114\" data-element_type=\"section\">\n\t\t\t\t\t\t<div class=\"elementor-container elementor-column-gap-default\">\n\t\t\t\t\t<div class=\"elementor-column elementor-col-100 elementor-top-column elementor-element elementor-element-31eb927\" data-id=\"31eb927\" data-element_type=\"column\">\n\t\t\t<div class=\"elementor-widget-wrap elementor-element-populated\">\n\t\t\t\t\t\t\t\t<div class=\"elementor-element elementor-element-691b006 elementor-widget elementor-widget-html\" data-id=\"691b006\" data-element_type=\"widget\" data-widget_type=\"html.default\">\n\t\t\t\t<div class=\"elementor-widget-container\">\n\t\t\t<iframe src=\"https:\/\/www.google.com\/maps\/embed?pb=!1m18!1m12!1m3!1d2969.504662441548!2d12.48451041587679!3d41.90350877922018!2m3!1f0!2f0!3f0!3m2!1i1024!2i768!4f13.1!3m3!1m2!1s0x132f61ab76683ab7%3A0xdef3af5f5a904ece!2sIl%20Giardino.%20Antica%20Osteria%201909!5e0!3m2!1sen!2sit!4v1657811115604!5m2!1sen!2sit\" width=\"100%\" height=\"450\" style=\"border:0;\" allowfullscreen=\"\" loading=\"lazy\" referrerpolicy=\"no-referrer-when-downgrade\"><\/iframe>\t\t<\/div>\n\t\t\t\t<\/div>\n\t\t\t\t\t<\/div>\n\t\t<\/div>\n\t\t\t\t\t\t\t<\/div>\n\t\t<\/section>\n\t\t\t\t\t\t\t<\/div>","protected":false},"excerpt":{"rendered":"<p>Contatti dove siamo Siamo nel Cuore di Roma Ci trovi a pochi passi da Piazza Barberini, in una delle traverse di Via del Tritone, Via Zucchelli 29. Via Zucchelli, 29, 00187 Roma RM +39 064885202 info@ilgiardinoanticaosteria.it Orari di apertura:Luned\u00ec: ChiusoMarted\u00ec: 18:00 &#8211; 23:00Mercoled\u00ec &#8211; Domenica: 11:30 &#8211; 15:00 | 18:00 &#8211; 23:00 scrivici per qualsiasi &#8230;<\/p>","protected":false},"author":1,"featured_media":7783,"parent":0,"menu_order":0,"comment_status":"closed","ping_status":"closed","template":"template-wide-content.php","meta":{"patiotime_single_page_hide_site_header":"","patiotime_single_page_site_header_source":"","patiotime_single_page_custom_site_header":"0","patiotime_single_page_custom_sticky_site_header":"0","patiotime_single_page_hide_page_title":"on","patiotime_single_page_header_section_size":"","patiotime_single_page_header_background_color":"","patiotime_single_page_header_background_position_x":"center","patiotime_single_page_header_background_position_y":"center","patiotime_single_page_header_background_size":"cover","patiotime_single_page_header_background_repeat":"off","patiotime_single_page_header_background_scroll":"on","patiotime_single_page_header_text_color":"","patiotime_single_page_header_show_breadcrumb":"","patiotime_single_page_site_footer_hide_main":"","patiotime_single_page_site_footer_hide_above":"","patiotime_single_page_site_footer_hide_instagram":"","patiotime_single_page_site_footer_hide_bottom":"","footnotes":""},"class_list":["post-4892","page","type-page","status-publish","has-post-thumbnail","hentry"],"_links":{"self":[{"href":"https:\/\/www.ilgiardinoanticaosteria.it\/en\/wp-json\/wp\/v2\/pages\/4892","targetHints":{"allow":["GET"]}}],"collection":[{"href":"https:\/\/www.ilgiardinoanticaosteria.it\/en\/wp-json\/wp\/v2\/pages"}],"about":[{"href":"https:\/\/www.ilgiardinoanticaosteria.it\/en\/wp-json\/wp\/v2\/types\/page"}],"author":[{"embeddable":true,"href":"https:\/\/www.ilgiardinoanticaosteria.it\/en\/wp-json\/wp\/v2\/users\/1"}],"replies":[{"embeddable":true,"href":"https:\/\/www.ilgiardinoanticaosteria.it\/en\/wp-json\/wp\/v2\/comments?post=4892"}],"version-history":[{"count":69,"href":"https:\/\/www.ilgiardinoanticaosteria.it\/en\/wp-json\/wp\/v2\/pages\/4892\/revisions"}],"predecessor-version":[{"id":7787,"href":"https:\/\/www.ilgiardinoanticaosteria.it\/en\/wp-json\/wp\/v2\/pages\/4892\/revisions\/7787"}],"wp:featuredmedia":[{"embeddable":true,"href":"https:\/\/www.ilgiardinoanticaosteria.it\/en\/wp-json\/wp\/v2\/media\/7783"}],"wp:attachment":[{"href":"https:\/\/www.ilgiardinoanticaosteria.it\/en\/wp-json\/wp\/v2\/media?parent=4892"}],"curies":[{"name":"wp","href":"https:\/\/api.w.org\/{rel}","templated":true}]}}